{"id":460,"date":"2022-12-15T09:57:07","date_gmt":"2022-12-15T09:57:07","guid":{"rendered":"https:\/\/apeks-tr.com\/tr\/?page_id=460"},"modified":"2025-09-30T08:00:04","modified_gmt":"2025-09-30T08:00:04","slug":"iletisim","status":"publish","type":"page","link":"https:\/\/apeks-tr.com\/tr\/iletisim\/","title":{"rendered":"\u0130LET\u0130\u015e\u0130M"},"content":{"rendered":"<p><span style=\"color: #000000;\"><strong>APEKS DANI\u015eMANLIK DI\u015e T\u0130CARET LTD. \u015eT\u0130.<\/strong><\/span><\/p>\n<p><span style=\"color: #000000;\">Mimar Sinan Mahallesi Yedpa Ticaret Merkezi D Caddesi No:87 Ata\u015fehir \/ \u0130STANBUL<\/span><\/p>\n<p><span style=\"color: #000000;\"><strong>Telefon :<\/strong> +90 216 471 86 55 | <strong>Eposta :<\/strong> <a style=\"color: #000000;\" href=\"mailto:info@apeks-tr.com\">info@apeks-tr.com<\/a> | <strong>Web :<\/strong> <\/span><a href=\"http:\/\/www.apeks-tr.com\"><span style=\"color: #000000;\">www.apeks-tr.com<\/span><\/a><\/p>\n\n\n<div class=\"wp-block-columns is-layout-flex wp-container-core-columns-is-layout-9d6595d7 wp-block-columns-is-layout-flex\">\n<div class=\"wp-block-column is-layout-flow wp-block-column-is-layout-flow\">\n\n<div class=\"wpcf7 no-js\" id=\"wpcf7-f526-o1\" lang=\"tr-TR\" dir=\"ltr\" data-wpcf7-id=\"526\">\n<div class=\"screen-reader-response\"><p role=\"status\" aria-live=\"polite\" aria-atomic=\"true\"><\/p> <ul><\/ul><\/div>\n<form action=\"\/tr\/wp-json\/wp\/v2\/pages\/460#wpcf7-f526-o1\" method=\"post\" class=\"wpcf7-form init\" aria-label=\"\u0130leti\u015fim Formu\" novalidate=\"novalidate\" data-status=\"init\">\n<fieldset class=\"hidden-fields-container\"><input type=\"hidden\" name=\"_wpcf7\" value=\"526\" \/><input type=\"hidden\" name=\"_wpcf7_version\" value=\"6.1.2\" \/><input type=\"hidden\" name=\"_wpcf7_locale\" value=\"tr_TR\" \/><input type=\"hidden\" name=\"_wpcf7_unit_tag\" value=\"wpcf7-f526-o1\" \/><input type=\"hidden\" name=\"_wpcf7_container_post\" value=\"0\" \/><input type=\"hidden\" name=\"_wpcf7_posted_data_hash\" value=\"\" \/>\n<\/fieldset>\n<p><label> Ad\u0131n\u0131z<br \/>\n<span class=\"wpcf7-form-control-wrap\" data-name=\"your-name\"><input size=\"40\" maxlength=\"400\" class=\"wpcf7-form-control wpcf7-text wpcf7-validates-as-required\" autocomplete=\"name\" aria-required=\"true\" aria-invalid=\"false\" value=\"\" type=\"text\" name=\"your-name\" \/><\/span> <\/label>\n<\/p>\n<p><label> E-posta adresiniz<br \/>\n<span class=\"wpcf7-form-control-wrap\" data-name=\"your-email\"><input size=\"40\" maxlength=\"400\" class=\"wpcf7-form-control wpcf7-email wpcf7-validates-as-required wpcf7-text wpcf7-validates-as-email\" autocomplete=\"email\" aria-required=\"true\" aria-invalid=\"false\" value=\"\" type=\"email\" name=\"your-email\" \/><\/span> <\/label>\n<\/p>\n<p><label> Konu<br \/>\n<span class=\"wpcf7-form-control-wrap\" data-name=\"your-subject\"><input size=\"40\" maxlength=\"400\" class=\"wpcf7-form-control wpcf7-text wpcf7-validates-as-required\" aria-required=\"true\" aria-invalid=\"false\" value=\"\" type=\"text\" name=\"your-subject\" \/><\/span> <\/label>\n<\/p>\n<p><label> \u0130letiniz (tercihe ba\u011fl\u0131)<br \/>\n<span class=\"wpcf7-form-control-wrap\" data-name=\"your-message\"><textarea cols=\"40\" rows=\"10\" maxlength=\"2000\" class=\"wpcf7-form-control wpcf7-textarea\" aria-invalid=\"false\" name=\"your-message\"><\/textarea><\/span> <\/label>\n<\/p>\n<p><input class=\"wpcf7-form-control wpcf7-submit has-spinner\" type=\"submit\" value=\"G\u00f6nder\" \/>\n<\/p><div class=\"wpcf7-response-output\" aria-hidden=\"true\"><\/div>\n<\/form>\n<\/div>\n\n<\/div>\n\n\n\n<div class=\"wp-block-column is-layout-flow wp-block-column-is-layout-flow\">\n<iframe src=\"https:\/\/www.google.com\/maps\/embed?pb=!1m18!1m12!1m3!1d3011.8532966579505!2d29.15829467649817!3d40.98469312087602!2m3!1f0!2f0!3f0!3m2!1i1024!2i768!4f13.1!3m3!1m2!1s0x14cacf49b1f7cc33%3A0xc492cbebfd41b114!2zQVBFS1MgREFOScWeTUFOTElLIERJxZ4gVMSwQ0FSRVQgTFRELiDFnlTEsC4!5e0!3m2!1str!2str!4v1713259320020!5m2!1str!2str\" width=\"640\" height=\"450\" style=\"border:0;\" allowfullscreen=\"\" loading=\"lazy\" referrerpolicy=\"no-referrer-when-downgrade\"><\/iframe>\n<\/div>\n<\/div>\n\n\n\n<div class=\"wp-block-columns is-layout-flex wp-container-core-columns-is-layout-9d6595d7 wp-block-columns-is-layout-flex\"><\/div>\n","protected":false},"excerpt":{"rendered":"<p>APEKS DANI\u015eMANLIK DI\u015e T\u0130CARET LTD. \u015eT\u0130. Mimar Sinan Mahallesi Yedpa Ticaret Merkezi D Caddesi No:87 Ata\u015fehir \/ \u0130STANBUL Telefon : +90 216 471 86 55 | Eposta : info@apeks-tr.com | Web : www.apeks-tr.com<\/p>\n","protected":false},"author":2,"featured_media":0,"parent":0,"menu_order":0,"comment_status":"closed","ping_status":"closed","template":"","meta":{"footnotes":""},"class_list":["post-460","page","type-page","status-publish","hentry"],"_links":{"self":[{"href":"https:\/\/apeks-tr.com\/tr\/wp-json\/wp\/v2\/pages\/460","targetHints":{"allow":["GET"]}}],"collection":[{"href":"https:\/\/apeks-tr.com\/tr\/wp-json\/wp\/v2\/pages"}],"about":[{"href":"https:\/\/apeks-tr.com\/tr\/wp-json\/wp\/v2\/types\/page"}],"author":[{"embeddable":true,"href":"https:\/\/apeks-tr.com\/tr\/wp-json\/wp\/v2\/users\/2"}],"replies":[{"embeddable":true,"href":"https:\/\/apeks-tr.com\/tr\/wp-json\/wp\/v2\/comments?post=460"}],"version-history":[{"count":23,"href":"https:\/\/apeks-tr.com\/tr\/wp-json\/wp\/v2\/pages\/460\/revisions"}],"predecessor-version":[{"id":1030,"href":"https:\/\/apeks-tr.com\/tr\/wp-json\/wp\/v2\/pages\/460\/revisions\/1030"}],"wp:attachment":[{"href":"https:\/\/apeks-tr.com\/tr\/wp-json\/wp\/v2\/media?parent=460"}],"curies":[{"name":"wp","href":"https:\/\/api.w.org\/{rel}","templated":true}]}}